{"id":8164,"date":"2016-09-16T18:02:59","date_gmt":"2016-09-16T21:02:59","guid":{"rendered":"http:\/\/rdfm.com.br\/rdfm\/?page_id=8164"},"modified":"2023-05-04T12:00:51","modified_gmt":"2023-05-04T15:00:51","slug":"classe-iii","status":"publish","type":"page","link":"https:\/\/rdfm.com.br\/rdfm\/tratamentos\/classe-iii\/","title":{"rendered":"Classe III"},"content":{"rendered":"\t\t<div data-elementor-type=\"wp-page\" data-elementor-id=\"8164\" class=\"elementor elementor-8164\">\n\t\t\t\t\t\t\t\t\t<section class=\"elementor-section elementor-top-section elementor-element elementor-element-9fa80ef elementor-section-boxed elementor-section-height-default elementor-section-height-default wpr-particle-no wpr-jarallax-no wpr-parallax-no wpr-sticky-section-no\" data-id=\"9fa80ef\" data-element_type=\"section\">\n\t\t\t\t\t\t<div class=\"elementor-container elementor-column-gap-default\">\n\t\t\t\t\t<div class=\"elementor-column elementor-col-100 elementor-top-column elementor-element elementor-element-9d95f91\" data-id=\"9d95f91\" data-element_type=\"column\">\n\t\t\t<div class=\"elementor-widget-wrap elementor-element-populated\">\n\t\t\t\t\t\t\t\t<div class=\"elementor-element elementor-element-23dba3b elementor-widget elementor-widget-heading\" data-id=\"23dba3b\" data-element_type=\"widget\" data-widget_type=\"heading.default\">\n\t\t\t\t<div class=\"elementor-widget-container\">\n\t\t\t<style>\/*! elementor - v3.12.2 - 23-04-2023 *\/\n.elementor-heading-title{padding:0;margin:0;line-height:1}.elementor-widget-heading .elementor-heading-title[class*=elementor-size-]>a{color:inherit;font-size:inherit;line-height:inherit}.elementor-widget-heading .elementor-heading-title.elementor-size-small{font-size:15px}.elementor-widget-heading .elementor-heading-title.elementor-size-medium{font-size:19px}.elementor-widget-heading .elementor-heading-title.elementor-size-large{font-size:29px}.elementor-widget-heading .elementor-heading-title.elementor-size-xl{font-size:39px}.elementor-widget-heading .elementor-heading-title.elementor-size-xxl{font-size:59px}<\/style><h2 class=\"elementor-heading-title elementor-size-default\">\nTERAP\u00caUTICA DA T\u00c9CNICA REABILITA\u00c7\u00c3O DIN\u00c2MICA E FUNCIONAL DOS MAXILARES EM PACIENTES CLASSE III\n<\/h2>\t\t<\/div>\n\t\t\t\t<\/div>\n\t\t\t\t\t<\/div>\n\t\t<\/div>\n\t\t\t\t\t\t\t<\/div>\n\t\t<\/section>\n\t\t\t\t<section class=\"elementor-section elementor-top-section elementor-element elementor-element-5927c3e elementor-section-boxed elementor-section-height-default elementor-section-height-default wpr-particle-no wpr-jarallax-no wpr-parallax-no wpr-sticky-section-no\" data-id=\"5927c3e\" data-element_type=\"section\">\n\t\t\t\t\t\t<div class=\"elementor-container elementor-column-gap-default\">\n\t\t\t\t\t<div class=\"elementor-column elementor-col-100 elementor-top-column elementor-element elementor-element-28b8a26\" data-id=\"28b8a26\" data-element_type=\"column\">\n\t\t\t<div class=\"elementor-widget-wrap elementor-element-populated\">\n\t\t\t\t\t\t\t\t<div class=\"elementor-element elementor-element-91d8afc elementor-widget elementor-widget-spacer\" data-id=\"91d8afc\" data-element_type=\"widget\" data-widget_type=\"spacer.default\">\n\t\t\t\t<div class=\"elementor-widget-container\">\n\t\t\t<style>\/*! elementor - v3.12.2 - 23-04-2023 *\/\n.elementor-column .elementor-spacer-inner{height:var(--spacer-size)}.e-con{--container-widget-width:100%}.e-con-inner>.elementor-widget-spacer,.e-con>.elementor-widget-spacer{width:var(--container-widget-width,var(--spacer-size));--align-self:var(--container-widget-align-self,initial);--flex-shrink:0}.e-con-inner>.elementor-widget-spacer>.elementor-widget-container,.e-con-inner>.elementor-widget-spacer>.elementor-widget-container>.elementor-spacer,.e-con>.elementor-widget-spacer>.elementor-widget-container,.e-con>.elementor-widget-spacer>.elementor-widget-container>.elementor-spacer{height:100%}.e-con-inner>.elementor-widget-spacer>.elementor-widget-container>.elementor-spacer>.elementor-spacer-inner,.e-con>.elementor-widget-spacer>.elementor-widget-container>.elementor-spacer>.elementor-spacer-inner{height:var(--container-widget-height,var(--spacer-size))}<\/style>\t\t<div class=\"elementor-spacer\">\n\t\t\t<div class=\"elementor-spacer-inner\"><\/div>\n\t\t<\/div>\n\t\t\t\t<\/div>\n\t\t\t\t<\/div>\n\t\t\t\t\t<\/div>\n\t\t<\/div>\n\t\t\t\t\t\t\t<\/div>\n\t\t<\/section>\n\t\t\t\t<section class=\"elementor-section elementor-top-section elementor-element elementor-element-117c6d7 elementor-section-boxed elementor-section-height-default elementor-section-height-default wpr-particle-no wpr-jarallax-no wpr-parallax-no wpr-sticky-section-no\" data-id=\"117c6d7\" data-element_type=\"section\">\n\t\t\t\t\t\t<div class=\"elementor-container elementor-column-gap-default\">\n\t\t\t\t\t<div class=\"elementor-column elementor-col-100 elementor-top-column elementor-element elementor-element-4ee909c\" data-id=\"4ee909c\" data-element_type=\"column\">\n\t\t\t<div class=\"elementor-widget-wrap elementor-element-populated\">\n\t\t\t\t\t\t\t\t<div class=\"elementor-element elementor-element-076d0b1 elementor-widget elementor-widget-heading\" data-id=\"076d0b1\" data-element_type=\"widget\" data-widget_type=\"heading.default\">\n\t\t\t\t<div class=\"elementor-widget-container\">\n\t\t\t<h4 class=\"elementor-heading-title elementor-size-default\">PROTUS\u00c3O DE PR\u00c9- MAXILA<\/h4>\t\t<\/div>\n\t\t\t\t<\/div>\n\t\t\t\t\t<\/div>\n\t\t<\/div>\n\t\t\t\t\t\t\t<\/div>\n\t\t<\/section>\n\t\t\t\t<section class=\"elementor-section elementor-top-section elementor-element elementor-element-c314b2c elementor-section-boxed elementor-section-height-default elementor-section-height-default wpr-particle-no wpr-jarallax-no wpr-parallax-no wpr-sticky-section-no\" data-id=\"c314b2c\" data-element_type=\"section\">\n\t\t\t\t\t\t<div class=\"elementor-container elementor-column-gap-default\">\n\t\t\t\t\t<div class=\"elementor-column elementor-col-100 elementor-top-column elementor-element elementor-element-418cb58\" data-id=\"418cb58\" data-element_type=\"column\">\n\t\t\t<div class=\"elementor-widget-wrap elementor-element-populated\">\n\t\t\t\t\t\t\t\t<div class=\"elementor-element elementor-element-9e87ed1 elementor-widget elementor-widget-spacer\" data-id=\"9e87ed1\" data-element_type=\"widget\" data-widget_type=\"spacer.default\">\n\t\t\t\t<div class=\"elementor-widget-container\">\n\t\t\t\t\t<div class=\"elementor-spacer\">\n\t\t\t<div class=\"elementor-spacer-inner\"><\/div>\n\t\t<\/div>\n\t\t\t\t<\/div>\n\t\t\t\t<\/div>\n\t\t\t\t\t<\/div>\n\t\t<\/div>\n\t\t\t\t\t\t\t<\/div>\n\t\t<\/section>\n\t\t\t\t<section class=\"elementor-section elementor-top-section elementor-element elementor-element-f6049f9 elementor-section-boxed elementor-section-height-default elementor-section-height-default wpr-particle-no wpr-jarallax-no wpr-parallax-no wpr-sticky-section-no\" data-id=\"f6049f9\" data-element_type=\"section\">\n\t\t\t\t\t\t<div class=\"elementor-container elementor-column-gap-default\">\n\t\t\t\t\t<div class=\"elementor-column elementor-col-100 elementor-top-column elementor-element elementor-element-e223f8d\" data-id=\"e223f8d\" data-element_type=\"column\">\n\t\t\t<div class=\"elementor-widget-wrap elementor-element-populated\">\n\t\t\t\t\t\t\t\t<div class=\"elementor-element elementor-element-23d93e3 elementor-widget elementor-widget-text-editor\" data-id=\"23d93e3\" data-element_type=\"widget\" data-widget_type=\"text-editor.default\">\n\t\t\t\t<div class=\"elementor-widget-container\">\n\t\t\t<style>\/*! elementor - v3.12.2 - 23-04-2023 *\/\n.elementor-widget-text-editor.elementor-drop-cap-view-stacked .elementor-drop-cap{background-color:#69727d;color:#fff}.elementor-widget-text-editor.elementor-drop-cap-view-framed .elementor-drop-cap{color:#69727d;border:3px solid;background-color:transparent}.elementor-widget-text-editor:not(.elementor-drop-cap-view-default) .elementor-drop-cap{margin-top:8px}.elementor-widget-text-editor:not(.elementor-drop-cap-view-default) .elementor-drop-cap-letter{width:1em;height:1em}.elementor-widget-text-editor .elementor-drop-cap{float:left;text-align:center;line-height:1;font-size:50px}.elementor-widget-text-editor .elementor-drop-cap-letter{display:inline-block}<\/style>\t\t\t\t<h5><strong>INTRODU\u00c7\u00c3O<\/strong><\/h5><p>Pela atua\u00e7\u00e3o da RDFM, a mec\u00e2nica utilizada nos tratamentos das tend\u00eancias prog\u00eanicas com mordida cruzada anterior, ser\u00e1 o uso da <strong>placa de protus\u00e3o.<\/strong><\/p><p>O objetivo da aparatologia \u00e9 o de se estimular o crescimento da pr\u00e9-maxla, permitindo o desenvolvimento de todo o processo maxilar anterior, bem como a adequa\u00e7\u00e3o das inclina\u00e7\u00f5es dent\u00e1rias dos incisivos superiores.<\/p><p>Para que o est\u00edmulo se de com maior efetividade e um m\u00ednimo de efeito indesej\u00e1vel, ser\u00e1 importante a elimina\u00e7\u00e3o da interfer\u00eancia oclusal proporcionada pela mordida cruzada anterior, aumentando-se a dimens\u00e3o vertical durante o encapsulamento oclusal. O movimento se far\u00e1 livre de traumas ou interfer\u00eancias oclusais.<\/p><div class=\"push\">\u00a0<\/div><h5><strong>TRATAMENTO<\/strong><\/h5><p>O tratamento das maloclus\u00f5es classe III de Angle deve ser no sentido da corre\u00e7\u00e3o do relacionamento das bases \u00f3sseas maxilares, no restabelecimento da oclus\u00e3o e na orienta\u00e7\u00e3o do desenvolvimento craniofacial do paciente.<\/p><p>A aparatologia usada na T\u00e9cnica: Reabilita\u00e7\u00e3o Din\u00e2mica e Funcional dos Maxilares com as aletas bilaterais ir\u00e1 atuar na matura\u00e7\u00e3o, treinamento e reprograma\u00e7\u00e3o do sistema neuromuscular bucomaxilofacial como aparelho de exerc\u00edcio ortop\u00e9dico funcional.<\/p>\t\t\t\t\t\t<\/div>\n\t\t\t\t<\/div>\n\t\t\t\t\t<\/div>\n\t\t<\/div>\n\t\t\t\t\t\t\t<\/div>\n\t\t<\/section>\n\t\t\t\t<section class=\"elementor-section elementor-top-section elementor-element elementor-element-277212a elementor-section-boxed elementor-section-height-default elementor-section-height-default wpr-particle-no wpr-jarallax-no wpr-parallax-no wpr-sticky-section-no\" data-id=\"277212a\" data-element_type=\"section\">\n\t\t\t\t\t\t<div class=\"elementor-container elementor-column-gap-default\">\n\t\t\t\t\t<div class=\"elementor-column elementor-col-33 elementor-top-column elementor-element elementor-element-d6374cc\" data-id=\"d6374cc\" data-element_type=\"column\">\n\t\t\t<div class=\"elementor-widget-wrap elementor-element-populated\">\n\t\t\t\t\t\t\t\t<div class=\"elementor-element elementor-element-70859f9 elementor-widget elementor-widget-image\" data-id=\"70859f9\" data-element_type=\"widget\" data-widget_type=\"image.default\">\n\t\t\t\t<div class=\"elementor-widget-container\">\n\t\t\t<style>\/*! elementor - v3.12.2 - 23-04-2023 *\/\n.elementor-widget-image{text-align:center}.elementor-widget-image a{display:inline-block}.elementor-widget-image a img[src$=\".svg\"]{width:48px}.elementor-widget-image img{vertical-align:middle;display:inline-block}<\/style>\t\t\t\t\t\t\t\t\t\t\t\t<img decoding=\"async\" width=\"600\" height=\"557\" src=\"https:\/\/rdfm.com.br\/rdfm\/wp-content\/uploads\/2016\/09\/Enzo-gesso-02_wm-1.jpg\" class=\"attachment-large size-large wp-image-8507\" alt=\"\" loading=\"lazy\" srcset=\"https:\/\/rdfm.com.br\/rdfm\/wp-content\/uploads\/2016\/09\/Enzo-gesso-02_wm-1.jpg 600w, https:\/\/rdfm.com.br\/rdfm\/wp-content\/uploads\/2016\/09\/Enzo-gesso-02_wm-1-300x279.jpg 300w, https:\/\/rdfm.com.br\/rdfm\/wp-content\/uploads\/2016\/09\/Enzo-gesso-02_wm-1-555x515.jpg 555w, https:\/\/rdfm.com.br\/rdfm\/wp-content\/uploads\/2016\/09\/Enzo-gesso-02_wm-1-360x334.jpg 360w, https:\/\/rdfm.com.br\/rdfm\/wp-content\/uploads\/2016\/09\/Enzo-gesso-02_wm-1-262x243.jpg 262w\" sizes=\"(max-width: 600px) 100vw, 600px\" \/>\t\t\t\t\t\t\t\t\t\t\t\t\t\t\t<\/div>\n\t\t\t\t<\/div>\n\t\t\t\t<div class=\"elementor-element elementor-element-ade2de8 elementor-widget elementor-widget-heading\" data-id=\"ade2de8\" data-element_type=\"widget\" data-widget_type=\"heading.default\">\n\t\t\t\t<div class=\"elementor-widget-container\">\n\t\t\t<span class=\"elementor-heading-title elementor-size-default\"> Imagem frontal dos modelos de estudos, evidenciando a mordida cruzada na regi\u00e3o anterior.<\/span>\t\t<\/div>\n\t\t\t\t<\/div>\n\t\t\t\t\t<\/div>\n\t\t<\/div>\n\t\t\t\t<div class=\"elementor-column elementor-col-33 elementor-top-column elementor-element elementor-element-ba0bb1a\" data-id=\"ba0bb1a\" data-element_type=\"column\">\n\t\t\t<div class=\"elementor-widget-wrap elementor-element-populated\">\n\t\t\t\t\t\t\t\t<div class=\"elementor-element elementor-element-60da802 elementor-widget elementor-widget-image\" data-id=\"60da802\" data-element_type=\"widget\" data-widget_type=\"image.default\">\n\t\t\t\t<div class=\"elementor-widget-container\">\n\t\t\t\t\t\t\t\t\t\t\t\t\t\t\t<img decoding=\"async\" width=\"600\" height=\"525\" src=\"https:\/\/rdfm.com.br\/rdfm\/wp-content\/uploads\/2016\/09\/Enzo-gesso-01_wm-1.jpg\" class=\"attachment-large size-large wp-image-8508\" alt=\"\" loading=\"lazy\" srcset=\"https:\/\/rdfm.com.br\/rdfm\/wp-content\/uploads\/2016\/09\/Enzo-gesso-01_wm-1.jpg 600w, https:\/\/rdfm.com.br\/rdfm\/wp-content\/uploads\/2016\/09\/Enzo-gesso-01_wm-1-300x263.jpg 300w, https:\/\/rdfm.com.br\/rdfm\/wp-content\/uploads\/2016\/09\/Enzo-gesso-01_wm-1-555x486.jpg 555w, https:\/\/rdfm.com.br\/rdfm\/wp-content\/uploads\/2016\/09\/Enzo-gesso-01_wm-1-360x315.jpg 360w, https:\/\/rdfm.com.br\/rdfm\/wp-content\/uploads\/2016\/09\/Enzo-gesso-01_wm-1-262x229.jpg 262w\" sizes=\"(max-width: 600px) 100vw, 600px\" \/>\t\t\t\t\t\t\t\t\t\t\t\t\t\t\t<\/div>\n\t\t\t\t<\/div>\n\t\t\t\t<div class=\"elementor-element elementor-element-989537e elementor-widget elementor-widget-heading\" data-id=\"989537e\" data-element_type=\"widget\" data-widget_type=\"heading.default\">\n\t\t\t\t<div class=\"elementor-widget-container\">\n\t\t\t<span class=\"elementor-heading-title elementor-size-default\"> Imagem lateral dos modelos de estudos, evidenciando a mordida cruzada na regi\u00e3o anterior.<\/span>\t\t<\/div>\n\t\t\t\t<\/div>\n\t\t\t\t\t<\/div>\n\t\t<\/div>\n\t\t\t\t<div class=\"elementor-column elementor-col-33 elementor-top-column elementor-element elementor-element-c050502\" data-id=\"c050502\" data-element_type=\"column\">\n\t\t\t<div class=\"elementor-widget-wrap elementor-element-populated\">\n\t\t\t\t\t\t\t\t<div class=\"elementor-element elementor-element-20a6a4a elementor-widget elementor-widget-image\" data-id=\"20a6a4a\" data-element_type=\"widget\" data-widget_type=\"image.default\">\n\t\t\t\t<div class=\"elementor-widget-container\">\n\t\t\t\t\t\t\t\t\t\t\t\t\t\t\t<img decoding=\"async\" width=\"600\" height=\"453\" src=\"https:\/\/rdfm.com.br\/rdfm\/wp-content\/uploads\/2016\/09\/Enzo-09_wm-1.jpg\" class=\"attachment-large size-large wp-image-8512\" alt=\"\" loading=\"lazy\" srcset=\"https:\/\/rdfm.com.br\/rdfm\/wp-content\/uploads\/2016\/09\/Enzo-09_wm-1.jpg 600w, https:\/\/rdfm.com.br\/rdfm\/wp-content\/uploads\/2016\/09\/Enzo-09_wm-1-300x227.jpg 300w, https:\/\/rdfm.com.br\/rdfm\/wp-content\/uploads\/2016\/09\/Enzo-09_wm-1-555x419.jpg 555w, https:\/\/rdfm.com.br\/rdfm\/wp-content\/uploads\/2016\/09\/Enzo-09_wm-1-360x272.jpg 360w, https:\/\/rdfm.com.br\/rdfm\/wp-content\/uploads\/2016\/09\/Enzo-09_wm-1-262x198.jpg 262w\" sizes=\"(max-width: 600px) 100vw, 600px\" \/>\t\t\t\t\t\t\t\t\t\t\t\t\t\t\t<\/div>\n\t\t\t\t<\/div>\n\t\t\t\t<div class=\"elementor-element elementor-element-063bdff elementor-widget elementor-widget-heading\" data-id=\"063bdff\" data-element_type=\"widget\" data-widget_type=\"heading.default\">\n\t\t\t\t<div class=\"elementor-widget-container\">\n\t\t\t<span class=\"elementor-heading-title elementor-size-default\"> Em evid\u00eancia na telerradiografia a mordida cruzada anterior<\/span>\t\t<\/div>\n\t\t\t\t<\/div>\n\t\t\t\t\t<\/div>\n\t\t<\/div>\n\t\t\t\t\t\t\t<\/div>\n\t\t<\/section>\n\t\t\t\t<section class=\"elementor-section elementor-top-section elementor-element elementor-element-287ac76 elementor-section-boxed elementor-section-height-default elementor-section-height-default wpr-particle-no wpr-jarallax-no wpr-parallax-no wpr-sticky-section-no\" data-id=\"287ac76\" data-element_type=\"section\">\n\t\t\t\t\t\t<div class=\"elementor-container elementor-column-gap-default\">\n\t\t\t\t\t<div class=\"elementor-column elementor-col-33 elementor-top-column elementor-element elementor-element-002b771\" data-id=\"002b771\" data-element_type=\"column\">\n\t\t\t<div class=\"elementor-widget-wrap elementor-element-populated\">\n\t\t\t\t\t\t\t\t<div class=\"elementor-element elementor-element-24592e0 elementor-widget elementor-widget-image\" data-id=\"24592e0\" data-element_type=\"widget\" data-widget_type=\"image.default\">\n\t\t\t\t<div class=\"elementor-widget-container\">\n\t\t\t\t\t\t\t\t\t\t\t\t\t\t\t<img decoding=\"async\" width=\"600\" height=\"400\" src=\"https:\/\/rdfm.com.br\/rdfm\/wp-content\/uploads\/2016\/09\/Enzo-07_wm-1.jpg\" class=\"attachment-large size-large wp-image-8509\" alt=\"\" loading=\"lazy\" srcset=\"https:\/\/rdfm.com.br\/rdfm\/wp-content\/uploads\/2016\/09\/Enzo-07_wm-1.jpg 600w, https:\/\/rdfm.com.br\/rdfm\/wp-content\/uploads\/2016\/09\/Enzo-07_wm-1-300x200.jpg 300w, https:\/\/rdfm.com.br\/rdfm\/wp-content\/uploads\/2016\/09\/Enzo-07_wm-1-555x370.jpg 555w, https:\/\/rdfm.com.br\/rdfm\/wp-content\/uploads\/2016\/09\/Enzo-07_wm-1-360x240.jpg 360w, https:\/\/rdfm.com.br\/rdfm\/wp-content\/uploads\/2016\/09\/Enzo-07_wm-1-262x175.jpg 262w\" sizes=\"(max-width: 600px) 100vw, 600px\" \/>\t\t\t\t\t\t\t\t\t\t\t\t\t\t\t<\/div>\n\t\t\t\t<\/div>\n\t\t\t\t<div class=\"elementor-element elementor-element-8f2be19 elementor-widget elementor-widget-heading\" data-id=\"8f2be19\" data-element_type=\"widget\" data-widget_type=\"heading.default\">\n\t\t\t\t<div class=\"elementor-widget-container\">\n\t\t\t<span class=\"elementor-heading-title elementor-size-default\"> Aparelho realizando movimento sagital p\u00f3stero-anterior superior com as aletas vestibulares bilaterais acopladas e instaladas na boca do paciente.<\/span>\t\t<\/div>\n\t\t\t\t<\/div>\n\t\t\t\t\t<\/div>\n\t\t<\/div>\n\t\t\t\t<div class=\"elementor-column elementor-col-33 elementor-top-column elementor-element elementor-element-6757caa\" data-id=\"6757caa\" data-element_type=\"column\">\n\t\t\t<div class=\"elementor-widget-wrap elementor-element-populated\">\n\t\t\t\t\t\t\t\t<div class=\"elementor-element elementor-element-1da0723 elementor-widget elementor-widget-image\" data-id=\"1da0723\" data-element_type=\"widget\" data-widget_type=\"image.default\">\n\t\t\t\t<div class=\"elementor-widget-container\">\n\t\t\t\t\t\t\t\t\t\t\t\t\t\t\t<img decoding=\"async\" width=\"600\" height=\"384\" src=\"https:\/\/rdfm.com.br\/rdfm\/wp-content\/uploads\/2016\/09\/Enzo-06_wm-1.jpg\" class=\"attachment-large size-large wp-image-8510\" alt=\"\" loading=\"lazy\" srcset=\"https:\/\/rdfm.com.br\/rdfm\/wp-content\/uploads\/2016\/09\/Enzo-06_wm-1.jpg 600w, https:\/\/rdfm.com.br\/rdfm\/wp-content\/uploads\/2016\/09\/Enzo-06_wm-1-300x192.jpg 300w, https:\/\/rdfm.com.br\/rdfm\/wp-content\/uploads\/2016\/09\/Enzo-06_wm-1-555x355.jpg 555w, https:\/\/rdfm.com.br\/rdfm\/wp-content\/uploads\/2016\/09\/Enzo-06_wm-1-360x230.jpg 360w, https:\/\/rdfm.com.br\/rdfm\/wp-content\/uploads\/2016\/09\/Enzo-06_wm-1-262x168.jpg 262w\" sizes=\"(max-width: 600px) 100vw, 600px\" \/>\t\t\t\t\t\t\t\t\t\t\t\t\t\t\t<\/div>\n\t\t\t\t<\/div>\n\t\t\t\t<div class=\"elementor-element elementor-element-65dc437 elementor-widget elementor-widget-heading\" data-id=\"65dc437\" data-element_type=\"widget\" data-widget_type=\"heading.default\">\n\t\t\t\t<div class=\"elementor-widget-container\">\n\t\t\t<span class=\"elementor-heading-title elementor-size-default\"> Paciente ainda em tratamento, com desenvolvimento \u00f3sseo se dando satisfatoriamente na regi\u00e3o trabalhada com o aparelho.<\/span>\t\t<\/div>\n\t\t\t\t<\/div>\n\t\t\t\t\t<\/div>\n\t\t<\/div>\n\t\t\t\t<div class=\"elementor-column elementor-col-33 elementor-top-column elementor-element elementor-element-6c939b6\" data-id=\"6c939b6\" data-element_type=\"column\">\n\t\t\t<div class=\"elementor-widget-wrap\">\n\t\t\t\t\t\t\t\t\t<\/div>\n\t\t<\/div>\n\t\t\t\t\t\t\t<\/div>\n\t\t<\/section>\n\t\t\t\t\t\t\t<\/div>\n\t\t","protected":false},"excerpt":{"rendered":"<p>TERAP\u00caUTICA DA T\u00c9CNICA REABILITA\u00c7\u00c3O DIN\u00c2MICA E FUNCIONAL DOS MAXILARES EM PACIENTES CLASSE III PROTUS\u00c3O DE PR\u00c9- MAXILA INTRODU\u00c7\u00c3O Pela atua\u00e7\u00e3o da RDFM, a mec\u00e2nica utilizada nos tratamentos das tend\u00eancias prog\u00eanicas com mordida cruzada anterior, ser\u00e1 o uso da placa de protus\u00e3o. O objetivo da aparatologia \u00e9 o de se estimular o crescimento da pr\u00e9-maxla, permitindoLeer M\u00e1s<\/p>\n","protected":false},"author":2,"featured_media":0,"parent":8158,"menu_order":0,"comment_status":"closed","ping_status":"closed","template":"","meta":[],"_links":{"self":[{"href":"https:\/\/rdfm.com.br\/rdfm\/wp-json\/wp\/v2\/pages\/8164"}],"collection":[{"href":"https:\/\/rdfm.com.br\/rdfm\/wp-json\/wp\/v2\/pages"}],"about":[{"href":"https:\/\/rdfm.com.br\/rdfm\/wp-json\/wp\/v2\/types\/page"}],"author":[{"embeddable":true,"href":"https:\/\/rdfm.com.br\/rdfm\/wp-json\/wp\/v2\/users\/2"}],"replies":[{"embeddable":true,"href":"https:\/\/rdfm.com.br\/rdfm\/wp-json\/wp\/v2\/comments?post=8164"}],"version-history":[{"count":34,"href":"https:\/\/rdfm.com.br\/rdfm\/wp-json\/wp\/v2\/pages\/8164\/revisions"}],"predecessor-version":[{"id":9647,"href":"https:\/\/rdfm.com.br\/rdfm\/wp-json\/wp\/v2\/pages\/8164\/revisions\/9647"}],"up":[{"embeddable":true,"href":"https:\/\/rdfm.com.br\/rdfm\/wp-json\/wp\/v2\/pages\/8158"}],"wp:attachment":[{"href":"https:\/\/rdfm.com.br\/rdfm\/wp-json\/wp\/v2\/media?parent=8164"}],"curies":[{"name":"wp","href":"https:\/\/api.w.org\/{rel}","templated":true}]}}