{"id":8142,"date":"2016-09-16T17:09:27","date_gmt":"2016-09-16T20:09:27","guid":{"rendered":"http:\/\/rdfm.com.br\/rdfm\/?page_id=8142"},"modified":"2023-05-04T13:08:13","modified_gmt":"2023-05-04T16:08:13","slug":"problemas-de-atm","status":"publish","type":"page","link":"https:\/\/rdfm.com.br\/rdfm\/possibilidades-terapeuticas\/problemas-de-atm\/","title":{"rendered":"Problemas de ATM"},"content":{"rendered":"\t\t<div data-elementor-type=\"wp-page\" data-elementor-id=\"8142\" class=\"elementor elementor-8142\">\n\t\t\t\t\t\t\t\t\t<section class=\"elementor-section elementor-top-section elementor-element elementor-element-34e48f70 elementor-section-boxed elementor-section-height-default elementor-section-height-default wpr-particle-no wpr-jarallax-no wpr-parallax-no wpr-sticky-section-no\" data-id=\"34e48f70\" data-element_type=\"section\">\n\t\t\t\t\t\t<div class=\"elementor-container elementor-column-gap-default\">\n\t\t\t\t\t<div class=\"elementor-column elementor-col-100 elementor-top-column elementor-element elementor-element-7e38b9d1\" data-id=\"7e38b9d1\" data-element_type=\"column\">\n\t\t\t<div class=\"elementor-widget-wrap elementor-element-populated\">\n\t\t\t\t\t\t\t\t<div class=\"elementor-element elementor-element-5d71e890 elementor-widget elementor-widget-heading\" data-id=\"5d71e890\" data-element_type=\"widget\" data-widget_type=\"heading.default\">\n\t\t\t\t<div class=\"elementor-widget-container\">\n\t\t\t<style>\/*! elementor - v3.12.2 - 23-04-2023 *\/\n.elementor-heading-title{padding:0;margin:0;line-height:1}.elementor-widget-heading .elementor-heading-title[class*=elementor-size-]>a{color:inherit;font-size:inherit;line-height:inherit}.elementor-widget-heading .elementor-heading-title.elementor-size-small{font-size:15px}.elementor-widget-heading .elementor-heading-title.elementor-size-medium{font-size:19px}.elementor-widget-heading .elementor-heading-title.elementor-size-large{font-size:29px}.elementor-widget-heading .elementor-heading-title.elementor-size-xl{font-size:39px}.elementor-widget-heading .elementor-heading-title.elementor-size-xxl{font-size:59px}<\/style><h2 class=\"elementor-heading-title elementor-size-default\"><span style=\"font-weight:400;\">\nProblemas de ATM<\/span><\/h2>\t\t<\/div>\n\t\t\t\t<\/div>\n\t\t\t\t\t<\/div>\n\t\t<\/div>\n\t\t\t\t\t\t\t<\/div>\n\t\t<\/section>\n\t\t\t\t<section class=\"elementor-section elementor-top-section elementor-element elementor-element-28ef9518 elementor-section-boxed elementor-section-height-default elementor-section-height-default wpr-particle-no wpr-jarallax-no wpr-parallax-no wpr-sticky-section-no\" data-id=\"28ef9518\" data-element_type=\"section\">\n\t\t\t\t\t\t<div class=\"elementor-container elementor-column-gap-default\">\n\t\t\t\t\t<div class=\"elementor-column elementor-col-100 elementor-top-column elementor-element elementor-element-54ad9e01\" data-id=\"54ad9e01\" data-element_type=\"column\">\n\t\t\t<div class=\"elementor-widget-wrap elementor-element-populated\">\n\t\t\t\t\t\t\t\t<section class=\"elementor-section elementor-inner-section elementor-element elementor-element-53423714 elementor-section-boxed elementor-section-height-default elementor-section-height-default wpr-particle-no wpr-jarallax-no wpr-parallax-no wpr-sticky-section-no\" data-id=\"53423714\" data-element_type=\"section\">\n\t\t\t\t\t\t<div class=\"elementor-container elementor-column-gap-custom\">\n\t\t\t\t\t<div class=\"elementor-column elementor-col-50 elementor-inner-column elementor-element elementor-element-419cdc5a\" data-id=\"419cdc5a\" data-element_type=\"column\">\n\t\t\t<div class=\"elementor-widget-wrap elementor-element-populated\">\n\t\t\t\t\t\t\t\t<div class=\"elementor-element elementor-element-48631405 elementor-widget-divider--view-line elementor-widget elementor-widget-divider\" data-id=\"48631405\" data-element_type=\"widget\" data-widget_type=\"divider.default\">\n\t\t\t\t<div class=\"elementor-widget-container\">\n\t\t\t<style>\/*! elementor - v3.12.2 - 23-04-2023 *\/\n.elementor-widget-divider{--divider-border-style:none;--divider-border-width:1px;--divider-color:#0c0d0e;--divider-icon-size:20px;--divider-element-spacing:10px;--divider-pattern-height:24px;--divider-pattern-size:20px;--divider-pattern-url:none;--divider-pattern-repeat:repeat-x}.elementor-widget-divider .elementor-divider{display:flex}.elementor-widget-divider .elementor-divider__text{font-size:15px;line-height:1;max-width:95%}.elementor-widget-divider .elementor-divider__element{margin:0 var(--divider-element-spacing);flex-shrink:0}.elementor-widget-divider .elementor-icon{font-size:var(--divider-icon-size)}.elementor-widget-divider .elementor-divider-separator{display:flex;margin:0;direction:ltr}.elementor-widget-divider--view-line_icon .elementor-divider-separator,.elementor-widget-divider--view-line_text .elementor-divider-separator{align-items:center}.elementor-widget-divider--view-line_icon .elementor-divider-separator:after,.elementor-widget-divider--view-line_icon .elementor-divider-separator:before,.elementor-widget-divider--view-line_text .elementor-divider-separator:after,.elementor-widget-divider--view-line_text .elementor-divider-separator:before{display:block;content:\"\";border-bottom:0;flex-grow:1;border-top:var(--divider-border-width) var(--divider-border-style) var(--divider-color)}.elementor-widget-divider--element-align-left .elementor-divider .elementor-divider-separator>.elementor-divider__svg:first-of-type{flex-grow:0;flex-shrink:100}.elementor-widget-divider--element-align-left .elementor-divider-separator:before{content:none}.elementor-widget-divider--element-align-left .elementor-divider__element{margin-left:0}.elementor-widget-divider--element-align-right .elementor-divider .elementor-divider-separator>.elementor-divider__svg:last-of-type{flex-grow:0;flex-shrink:100}.elementor-widget-divider--element-align-right .elementor-divider-separator:after{content:none}.elementor-widget-divider--element-align-right .elementor-divider__element{margin-right:0}.elementor-widget-divider:not(.elementor-widget-divider--view-line_text):not(.elementor-widget-divider--view-line_icon) .elementor-divider-separator{border-top:var(--divider-border-width) var(--divider-border-style) var(--divider-color)}.elementor-widget-divider--separator-type-pattern{--divider-border-style:none}.elementor-widget-divider--separator-type-pattern.elementor-widget-divider--view-line .elementor-divider-separator,.elementor-widget-divider--separator-type-pattern:not(.elementor-widget-divider--view-line) .elementor-divider-separator:after,.elementor-widget-divider--separator-type-pattern:not(.elementor-widget-divider--view-line) .elementor-divider-separator:before,.elementor-widget-divider--separator-type-pattern:not([class*=elementor-widget-divider--view]) .elementor-divider-separator{width:100%;min-height:var(--divider-pattern-height);-webkit-mask-size:var(--divider-pattern-size) 100%;mask-size:var(--divider-pattern-size) 100%;-webkit-mask-repeat:var(--divider-pattern-repeat);mask-repeat:var(--divider-pattern-repeat);background-color:var(--divider-color);-webkit-mask-image:var(--divider-pattern-url);mask-image:var(--divider-pattern-url)}.elementor-widget-divider--no-spacing{--divider-pattern-size:auto}.elementor-widget-divider--bg-round{--divider-pattern-repeat:round}.rtl .elementor-widget-divider .elementor-divider__text{direction:rtl}.e-con-inner>.elementor-widget-divider,.e-con>.elementor-widget-divider{width:var(--container-widget-width,100%);--flex-grow:var(--container-widget-flex-grow)}<\/style>\t\t<div class=\"elementor-divider\">\n\t\t\t<span class=\"elementor-divider-separator\">\n\t\t\t\t\t\t<\/span>\n\t\t<\/div>\n\t\t\t\t<\/div>\n\t\t\t\t<\/div>\n\t\t\t\t\t<\/div>\n\t\t<\/div>\n\t\t\t\t<div class=\"elementor-column elementor-col-50 elementor-inner-column elementor-element elementor-element-15a676f9\" data-id=\"15a676f9\" data-element_type=\"column\">\n\t\t\t<div class=\"elementor-widget-wrap elementor-element-populated\">\n\t\t\t\t\t\t\t\t<div class=\"elementor-element elementor-element-67943048 elementor-widget__width-initial elementor-widget-divider--view-line elementor-widget elementor-widget-divider\" data-id=\"67943048\" data-element_type=\"widget\" data-widget_type=\"divider.default\">\n\t\t\t\t<div class=\"elementor-widget-container\">\n\t\t\t\t\t<div class=\"elementor-divider\">\n\t\t\t<span class=\"elementor-divider-separator\">\n\t\t\t\t\t\t<\/span>\n\t\t<\/div>\n\t\t\t\t<\/div>\n\t\t\t\t<\/div>\n\t\t\t\t\t<\/div>\n\t\t<\/div>\n\t\t\t\t\t\t\t<\/div>\n\t\t<\/section>\n\t\t\t\t\t<\/div>\n\t\t<\/div>\n\t\t\t\t\t\t\t<\/div>\n\t\t<\/section>\n\t\t\t\t<section class=\"elementor-section elementor-top-section elementor-element elementor-element-0a58a21 elementor-section-boxed elementor-section-height-default elementor-section-height-default wpr-particle-no wpr-jarallax-no wpr-parallax-no wpr-sticky-section-no\" data-id=\"0a58a21\" data-element_type=\"section\">\n\t\t\t\t\t\t<div class=\"elementor-container elementor-column-gap-default\">\n\t\t\t\t\t<div class=\"elementor-column elementor-col-100 elementor-top-column elementor-element elementor-element-40f2165\" data-id=\"40f2165\" data-element_type=\"column\">\n\t\t\t<div class=\"elementor-widget-wrap elementor-element-populated\">\n\t\t\t\t\t\t\t\t<div class=\"elementor-element elementor-element-af29841 elementor-widget elementor-widget-image\" data-id=\"af29841\" data-element_type=\"widget\" data-widget_type=\"image.default\">\n\t\t\t\t<div class=\"elementor-widget-container\">\n\t\t\t<style>\/*! elementor - v3.12.2 - 23-04-2023 *\/\n.elementor-widget-image{text-align:center}.elementor-widget-image a{display:inline-block}.elementor-widget-image a img[src$=\".svg\"]{width:48px}.elementor-widget-image img{vertical-align:middle;display:inline-block}<\/style>\t\t\t\t\t\t\t\t\t\t\t\t<img decoding=\"async\" width=\"1900\" height=\"400\" src=\"https:\/\/rdfm.com.br\/rdfm\/wp-content\/uploads\/2016\/10\/banner_atm.jpg\" class=\"attachment-full size-full wp-image-8613\" alt=\"\" loading=\"lazy\" srcset=\"https:\/\/rdfm.com.br\/rdfm\/wp-content\/uploads\/2016\/10\/banner_atm.jpg 1900w, https:\/\/rdfm.com.br\/rdfm\/wp-content\/uploads\/2016\/10\/banner_atm-300x63.jpg 300w, https:\/\/rdfm.com.br\/rdfm\/wp-content\/uploads\/2016\/10\/banner_atm-768x162.jpg 768w, https:\/\/rdfm.com.br\/rdfm\/wp-content\/uploads\/2016\/10\/banner_atm-1024x216.jpg 1024w, https:\/\/rdfm.com.br\/rdfm\/wp-content\/uploads\/2016\/10\/banner_atm-1140x240.jpg 1140w, https:\/\/rdfm.com.br\/rdfm\/wp-content\/uploads\/2016\/10\/banner_atm-555x117.jpg 555w, https:\/\/rdfm.com.br\/rdfm\/wp-content\/uploads\/2016\/10\/banner_atm-360x76.jpg 360w, https:\/\/rdfm.com.br\/rdfm\/wp-content\/uploads\/2016\/10\/banner_atm-262x55.jpg 262w\" sizes=\"(max-width: 1900px) 100vw, 1900px\" \/>\t\t\t\t\t\t\t\t\t\t\t\t\t\t\t<\/div>\n\t\t\t\t<\/div>\n\t\t\t\t\t<\/div>\n\t\t<\/div>\n\t\t\t\t\t\t\t<\/div>\n\t\t<\/section>\n\t\t\t\t<section class=\"elementor-section elementor-top-section elementor-element elementor-element-0f381e6 elementor-section-boxed elementor-section-height-default elementor-section-height-default wpr-particle-no wpr-jarallax-no wpr-parallax-no wpr-sticky-section-no\" data-id=\"0f381e6\" data-element_type=\"section\">\n\t\t\t\t\t\t<div class=\"elementor-container elementor-column-gap-default\">\n\t\t\t\t\t<div class=\"elementor-column elementor-col-100 elementor-top-column elementor-element elementor-element-ddecd90\" data-id=\"ddecd90\" data-element_type=\"column\">\n\t\t\t<div class=\"elementor-widget-wrap elementor-element-populated\">\n\t\t\t\t\t\t\t\t<div class=\"elementor-element elementor-element-2802e37 elementor-widget elementor-widget-text-editor\" data-id=\"2802e37\" data-element_type=\"widget\" data-widget_type=\"text-editor.default\">\n\t\t\t\t<div class=\"elementor-widget-container\">\n\t\t\t<style>\/*! elementor - v3.12.2 - 23-04-2023 *\/\n.elementor-widget-text-editor.elementor-drop-cap-view-stacked .elementor-drop-cap{background-color:#69727d;color:#fff}.elementor-widget-text-editor.elementor-drop-cap-view-framed .elementor-drop-cap{color:#69727d;border:3px solid;background-color:transparent}.elementor-widget-text-editor:not(.elementor-drop-cap-view-default) .elementor-drop-cap{margin-top:8px}.elementor-widget-text-editor:not(.elementor-drop-cap-view-default) .elementor-drop-cap-letter{width:1em;height:1em}.elementor-widget-text-editor .elementor-drop-cap{float:left;text-align:center;line-height:1;font-size:50px}.elementor-widget-text-editor .elementor-drop-cap-letter{display:inline-block}<\/style>\t\t\t\t<p>As ATMs, s\u00e3o as articula\u00e7\u00e3o respons\u00e1veis pelos movimentos da boca.<\/p><p>As duas ATMs (articula\u00e7\u00f5es temporomandibulares) est\u00e3o localizadas, uma de cada lado da face, unindo a mand\u00edbula. De todas as articula\u00e7\u00f5es do corpo, as ATMs s\u00e3o as que concentram o maior n\u00famero de termina\u00e7\u00f5es nervosas, por isto s\u00e3o consideradas as mais importantes.<\/p><p>Qualquer disfun\u00e7\u00e3o nestas articula\u00e7\u00f5es, por menor que seja, acaba afetando de forma negativa a regi\u00e3o do nosso c\u00e9rebro que controla diversas fun\u00e7\u00f5es do organismo. Por exemplo, dores em outras regi\u00f5es do corpo podem ser potencializadas se existir uma disfun\u00e7\u00e3o temporomandibular. Da mesma forma, esse desequil\u00edbrio funcional e qu\u00edmico do c\u00e9rebro estar\u00e1 associado com o desempenho escolar abaixo da m\u00e9dia, irritabilidade, ins\u00f4nia e m\u00e1 postura da coluna cervical dos indiv\u00edduos afetados.<\/p><p>\u00c9 comum observarmos zumbidos e tonturas associadas \u00e0s DTMs (disfun\u00e7\u00f5es das ATMs), a disfun\u00e7\u00e3o come\u00e7a a aparecer quando deixamos de executar os movimentos mastigat\u00f3rios corretamente. A respira\u00e7\u00e3o pela boca tamb\u00e9m exerce uma influ\u00eancia negativa na fun\u00e7\u00e3o das articula\u00e7\u00f5es t\u00eamporomandibulares.<\/p><p>Os sintomas podem ocorrer em um ou nos dois lados ao mesmo tempo e s\u00e3o:<\/p><ul><li>Dores cabe\u00e7a ou pesco\u00e7o<\/li><li>Dor ao mastigar ou bocejar<\/li><li>Estalidos ao abrir ou fechar a boca<\/li><li>Travamento dos maxilares<\/li><\/ul>\t\t\t\t\t\t<\/div>\n\t\t\t\t<\/div>\n\t\t\t\t\t<\/div>\n\t\t<\/div>\n\t\t\t\t\t\t\t<\/div>\n\t\t<\/section>\n\t\t\t\t\t\t\t<\/div>\n\t\t","protected":false},"excerpt":{"rendered":"<p>Problemas de ATM As ATMs, s\u00e3o as articula\u00e7\u00e3o respons\u00e1veis pelos movimentos da boca. As duas ATMs (articula\u00e7\u00f5es temporomandibulares) est\u00e3o localizadas, uma de cada lado da face, unindo a mand\u00edbula. De todas as articula\u00e7\u00f5es do corpo, as ATMs s\u00e3o as que concentram o maior n\u00famero de termina\u00e7\u00f5es nervosas, por isto s\u00e3o consideradas as mais importantes. QualquerLeer M\u00e1s<\/p>\n","protected":false},"author":2,"featured_media":0,"parent":7043,"menu_order":0,"comment_status":"closed","ping_status":"closed","template":"","meta":[],"_links":{"self":[{"href":"https:\/\/rdfm.com.br\/rdfm\/wp-json\/wp\/v2\/pages\/8142"}],"collection":[{"href":"https:\/\/rdfm.com.br\/rdfm\/wp-json\/wp\/v2\/pages"}],"about":[{"href":"https:\/\/rdfm.com.br\/rdfm\/wp-json\/wp\/v2\/types\/page"}],"author":[{"embeddable":true,"href":"https:\/\/rdfm.com.br\/rdfm\/wp-json\/wp\/v2\/users\/2"}],"replies":[{"embeddable":true,"href":"https:\/\/rdfm.com.br\/rdfm\/wp-json\/wp\/v2\/comments?post=8142"}],"version-history":[{"count":10,"href":"https:\/\/rdfm.com.br\/rdfm\/wp-json\/wp\/v2\/pages\/8142\/revisions"}],"predecessor-version":[{"id":9683,"href":"https:\/\/rdfm.com.br\/rdfm\/wp-json\/wp\/v2\/pages\/8142\/revisions\/9683"}],"up":[{"embeddable":true,"href":"https:\/\/rdfm.com.br\/rdfm\/wp-json\/wp\/v2\/pages\/7043"}],"wp:attachment":[{"href":"https:\/\/rdfm.com.br\/rdfm\/wp-json\/wp\/v2\/media?parent=8142"}],"curies":[{"name":"wp","href":"https:\/\/api.w.org\/{rel}","templated":true}]}}