{"id":7043,"date":"2014-02-05T17:55:45","date_gmt":"2014-02-05T17:55:45","guid":{"rendered":"https:\/\/health-center.vamtam.com\/?page_id=7043"},"modified":"2023-05-04T16:26:53","modified_gmt":"2023-05-04T19:26:53","slug":"possibilidades-terapeuticas","status":"publish","type":"page","link":"https:\/\/rdfm.com.br\/rdfm\/possibilidades-terapeuticas\/","title":{"rendered":"Possibilidades Terap\u00eauticas"},"content":{"rendered":"\t\t<div data-elementor-type=\"wp-page\" data-elementor-id=\"7043\" class=\"elementor elementor-7043\">\n\t\t\t\t\t\t\t\t\t<section class=\"elementor-section elementor-top-section elementor-element elementor-element-6f54c6ca elementor-section-boxed elementor-section-height-default elementor-section-height-default wpr-particle-no wpr-jarallax-no wpr-parallax-no wpr-sticky-section-no\" data-id=\"6f54c6ca\" data-element_type=\"section\">\n\t\t\t\t\t\t<div class=\"elementor-container elementor-column-gap-default\">\n\t\t\t\t\t<div class=\"elementor-column elementor-col-100 elementor-top-column elementor-element elementor-element-393a98a8\" data-id=\"393a98a8\" data-element_type=\"column\">\n\t\t\t<div class=\"elementor-widget-wrap elementor-element-populated\">\n\t\t\t\t\t\t\t\t<div class=\"elementor-element elementor-element-b0e0e2e elementor-widget elementor-widget-heading\" data-id=\"b0e0e2e\" data-element_type=\"widget\" data-widget_type=\"heading.default\">\n\t\t\t\t<div class=\"elementor-widget-container\">\n\t\t\t<style>\/*! elementor - v3.12.2 - 23-04-2023 *\/\n.elementor-heading-title{padding:0;margin:0;line-height:1}.elementor-widget-heading .elementor-heading-title[class*=elementor-size-]>a{color:inherit;font-size:inherit;line-height:inherit}.elementor-widget-heading .elementor-heading-title.elementor-size-small{font-size:15px}.elementor-widget-heading .elementor-heading-title.elementor-size-medium{font-size:19px}.elementor-widget-heading .elementor-heading-title.elementor-size-large{font-size:29px}.elementor-widget-heading .elementor-heading-title.elementor-size-xl{font-size:39px}.elementor-widget-heading .elementor-heading-title.elementor-size-xxl{font-size:59px}<\/style><h2 class=\"elementor-heading-title elementor-size-default\"><span style=\"font-weight:400;\">\nPossibilidades Terap\u00eauticas<\/span><\/h2>\t\t<\/div>\n\t\t\t\t<\/div>\n\t\t\t\t\t<\/div>\n\t\t<\/div>\n\t\t\t\t\t\t\t<\/div>\n\t\t<\/section>\n\t\t\t\t<section class=\"elementor-section elementor-top-section elementor-element elementor-element-5c12962d elementor-section-boxed elementor-section-height-default elementor-section-height-default wpr-particle-no wpr-jarallax-no wpr-parallax-no wpr-sticky-section-no\" data-id=\"5c12962d\" data-element_type=\"section\">\n\t\t\t\t\t\t<div class=\"elementor-container elementor-column-gap-default\">\n\t\t\t\t\t<div class=\"elementor-column elementor-col-100 elementor-top-column elementor-element elementor-element-1aec90d3\" data-id=\"1aec90d3\" data-element_type=\"column\">\n\t\t\t<div class=\"elementor-widget-wrap elementor-element-populated\">\n\t\t\t\t\t\t\t\t<section class=\"elementor-section elementor-inner-section elementor-element elementor-element-1d53ab2e elementor-section-boxed elementor-section-height-default elementor-section-height-default wpr-particle-no wpr-jarallax-no wpr-parallax-no wpr-sticky-section-no\" data-id=\"1d53ab2e\" data-element_type=\"section\">\n\t\t\t\t\t\t<div class=\"elementor-container elementor-column-gap-custom\">\n\t\t\t\t\t<div class=\"elementor-column elementor-col-50 elementor-inner-column elementor-element elementor-element-6e40a8c1\" data-id=\"6e40a8c1\" data-element_type=\"column\">\n\t\t\t<div class=\"elementor-widget-wrap elementor-element-populated\">\n\t\t\t\t\t\t\t\t<div class=\"elementor-element elementor-element-737e4004 elementor-widget-divider--view-line elementor-widget elementor-widget-divider\" data-id=\"737e4004\" data-element_type=\"widget\" data-widget_type=\"divider.default\">\n\t\t\t\t<div class=\"elementor-widget-container\">\n\t\t\t<style>\/*! elementor - v3.12.2 - 23-04-2023 *\/\n.elementor-widget-divider{--divider-border-style:none;--divider-border-width:1px;--divider-color:#0c0d0e;--divider-icon-size:20px;--divider-element-spacing:10px;--divider-pattern-height:24px;--divider-pattern-size:20px;--divider-pattern-url:none;--divider-pattern-repeat:repeat-x}.elementor-widget-divider .elementor-divider{display:flex}.elementor-widget-divider .elementor-divider__text{font-size:15px;line-height:1;max-width:95%}.elementor-widget-divider .elementor-divider__element{margin:0 var(--divider-element-spacing);flex-shrink:0}.elementor-widget-divider .elementor-icon{font-size:var(--divider-icon-size)}.elementor-widget-divider .elementor-divider-separator{display:flex;margin:0;direction:ltr}.elementor-widget-divider--view-line_icon .elementor-divider-separator,.elementor-widget-divider--view-line_text .elementor-divider-separator{align-items:center}.elementor-widget-divider--view-line_icon .elementor-divider-separator:after,.elementor-widget-divider--view-line_icon .elementor-divider-separator:before,.elementor-widget-divider--view-line_text .elementor-divider-separator:after,.elementor-widget-divider--view-line_text .elementor-divider-separator:before{display:block;content:\"\";border-bottom:0;flex-grow:1;border-top:var(--divider-border-width) var(--divider-border-style) var(--divider-color)}.elementor-widget-divider--element-align-left .elementor-divider .elementor-divider-separator>.elementor-divider__svg:first-of-type{flex-grow:0;flex-shrink:100}.elementor-widget-divider--element-align-left .elementor-divider-separator:before{content:none}.elementor-widget-divider--element-align-left .elementor-divider__element{margin-left:0}.elementor-widget-divider--element-align-right .elementor-divider .elementor-divider-separator>.elementor-divider__svg:last-of-type{flex-grow:0;flex-shrink:100}.elementor-widget-divider--element-align-right .elementor-divider-separator:after{content:none}.elementor-widget-divider--element-align-right .elementor-divider__element{margin-right:0}.elementor-widget-divider:not(.elementor-widget-divider--view-line_text):not(.elementor-widget-divider--view-line_icon) .elementor-divider-separator{border-top:var(--divider-border-width) var(--divider-border-style) var(--divider-color)}.elementor-widget-divider--separator-type-pattern{--divider-border-style:none}.elementor-widget-divider--separator-type-pattern.elementor-widget-divider--view-line .elementor-divider-separator,.elementor-widget-divider--separator-type-pattern:not(.elementor-widget-divider--view-line) .elementor-divider-separator:after,.elementor-widget-divider--separator-type-pattern:not(.elementor-widget-divider--view-line) .elementor-divider-separator:before,.elementor-widget-divider--separator-type-pattern:not([class*=elementor-widget-divider--view]) .elementor-divider-separator{width:100%;min-height:var(--divider-pattern-height);-webkit-mask-size:var(--divider-pattern-size) 100%;mask-size:var(--divider-pattern-size) 100%;-webkit-mask-repeat:var(--divider-pattern-repeat);mask-repeat:var(--divider-pattern-repeat);background-color:var(--divider-color);-webkit-mask-image:var(--divider-pattern-url);mask-image:var(--divider-pattern-url)}.elementor-widget-divider--no-spacing{--divider-pattern-size:auto}.elementor-widget-divider--bg-round{--divider-pattern-repeat:round}.rtl .elementor-widget-divider .elementor-divider__text{direction:rtl}.e-con-inner>.elementor-widget-divider,.e-con>.elementor-widget-divider{width:var(--container-widget-width,100%);--flex-grow:var(--container-widget-flex-grow)}<\/style>\t\t<div class=\"elementor-divider\">\n\t\t\t<span class=\"elementor-divider-separator\">\n\t\t\t\t\t\t<\/span>\n\t\t<\/div>\n\t\t\t\t<\/div>\n\t\t\t\t<\/div>\n\t\t\t\t\t<\/div>\n\t\t<\/div>\n\t\t\t\t<div class=\"elementor-column elementor-col-50 elementor-inner-column elementor-element elementor-element-78c5cc74\" data-id=\"78c5cc74\" data-element_type=\"column\">\n\t\t\t<div class=\"elementor-widget-wrap elementor-element-populated\">\n\t\t\t\t\t\t\t\t<div class=\"elementor-element elementor-element-4a77ea89 elementor-widget__width-initial elementor-widget-divider--view-line elementor-widget elementor-widget-divider\" data-id=\"4a77ea89\" data-element_type=\"widget\" data-widget_type=\"divider.default\">\n\t\t\t\t<div class=\"elementor-widget-container\">\n\t\t\t\t\t<div class=\"elementor-divider\">\n\t\t\t<span class=\"elementor-divider-separator\">\n\t\t\t\t\t\t<\/span>\n\t\t<\/div>\n\t\t\t\t<\/div>\n\t\t\t\t<\/div>\n\t\t\t\t\t<\/div>\n\t\t<\/div>\n\t\t\t\t\t\t\t<\/div>\n\t\t<\/section>\n\t\t\t\t\t<\/div>\n\t\t<\/div>\n\t\t\t\t\t\t\t<\/div>\n\t\t<\/section>\n\t\t\t\t<section class=\"elementor-section elementor-top-section elementor-element elementor-element-75117ce elementor-section-boxed elementor-section-height-default elementor-section-height-default wpr-particle-no wpr-jarallax-no wpr-parallax-no wpr-sticky-section-no\" data-id=\"75117ce\" data-element_type=\"section\">\n\t\t\t\t\t\t<div class=\"elementor-container elementor-column-gap-default\">\n\t\t\t\t\t<div class=\"elementor-column elementor-col-33 elementor-top-column elementor-element elementor-element-84fdc8e\" data-id=\"84fdc8e\" data-element_type=\"column\">\n\t\t\t<div class=\"elementor-widget-wrap elementor-element-populated\">\n\t\t\t\t\t\t\t\t<div class=\"elementor-element elementor-element-9b9d07c elementor-vertical-align-middle ajust-color-hover elementor-position-top elementor-widget elementor-widget-image-box\" data-id=\"9b9d07c\" data-element_type=\"widget\" data-widget_type=\"image-box.default\">\n\t\t\t\t<div class=\"elementor-widget-container\">\n\t\t\t<style>\/*! elementor - v3.12.2 - 23-04-2023 *\/\n.elementor-widget-image-box .elementor-image-box-content{width:100%}@media (min-width:768px){.elementor-widget-image-box.elementor-position-left .elementor-image-box-wrapper,.elementor-widget-image-box.elementor-position-right .elementor-image-box-wrapper{display:flex}.elementor-widget-image-box.elementor-position-right .elementor-image-box-wrapper{text-align:right;flex-direction:row-reverse}.elementor-widget-image-box.elementor-position-left .elementor-image-box-wrapper{text-align:left;flex-direction:row}.elementor-widget-image-box.elementor-position-top .elementor-image-box-img{margin:auto}.elementor-widget-image-box.elementor-vertical-align-top .elementor-image-box-wrapper{align-items:flex-start}.elementor-widget-image-box.elementor-vertical-align-middle .elementor-image-box-wrapper{align-items:center}.elementor-widget-image-box.elementor-vertical-align-bottom .elementor-image-box-wrapper{align-items:flex-end}}@media (max-width:767px){.elementor-widget-image-box .elementor-image-box-img{margin-left:auto!important;margin-right:auto!important;margin-bottom:15px}}.elementor-widget-image-box .elementor-image-box-img{display:inline-block}.elementor-widget-image-box .elementor-image-box-title a{color:inherit}.elementor-widget-image-box .elementor-image-box-wrapper{text-align:center}.elementor-widget-image-box .elementor-image-box-description{margin:0}<\/style><div class=\"elementor-image-box-wrapper\"><figure class=\"elementor-image-box-img\"><a href=\"https:\/\/rdfm.com.br\/rdfm\/possibilidades-terapeuticas\/dor-de-cabeca\/\"><img decoding=\"async\" width=\"90\" height=\"90\" src=\"https:\/\/rdfm.com.br\/rdfm\/wp-content\/uploads\/2014\/02\/icon_dorDeCabeca.png\" class=\"elementor-animation-float attachment-full size-full wp-image-8339\" alt=\"\" loading=\"lazy\" srcset=\"https:\/\/rdfm.com.br\/rdfm\/wp-content\/uploads\/2014\/02\/icon_dorDeCabeca.png 90w, https:\/\/rdfm.com.br\/rdfm\/wp-content\/uploads\/2014\/02\/icon_dorDeCabeca-60x60.png 60w, https:\/\/rdfm.com.br\/rdfm\/wp-content\/uploads\/2014\/02\/icon_dorDeCabeca-43x43.png 43w\" sizes=\"(max-width: 90px) 100vw, 90px\" \/><\/a><\/figure><div class=\"elementor-image-box-content\"><h3 class=\"elementor-image-box-title\"><a href=\"https:\/\/rdfm.com.br\/rdfm\/possibilidades-terapeuticas\/dor-de-cabeca\/\">Dor de Cabe\u00e7a<\/a><\/h3><p class=\"elementor-image-box-description\">A maior causa das dores de cabe\u00e7a, da coluna e das costas s\u00e3o de origem muscular.<\/p><\/div><\/div>\t\t<\/div>\n\t\t\t\t<\/div>\n\t\t\t\t\t<\/div>\n\t\t<\/div>\n\t\t\t\t<div class=\"elementor-column elementor-col-33 elementor-top-column elementor-element elementor-element-3f85f96\" data-id=\"3f85f96\" data-element_type=\"column\">\n\t\t\t<div class=\"elementor-widget-wrap elementor-element-populated\">\n\t\t\t\t\t\t\t\t<div class=\"elementor-element elementor-element-ce122b2 elementor-vertical-align-middle ajust-color-hover elementor-position-top elementor-widget elementor-widget-image-box\" data-id=\"ce122b2\" data-element_type=\"widget\" data-widget_type=\"image-box.default\">\n\t\t\t\t<div class=\"elementor-widget-container\">\n\t\t\t<div class=\"elementor-image-box-wrapper\"><figure class=\"elementor-image-box-img\"><a href=\"https:\/\/rdfm.com.br\/rdfm\/possibilidades-terapeuticas\/problemas-de-atm\/\"><img decoding=\"async\" width=\"92\" height=\"90\" src=\"https:\/\/rdfm.com.br\/rdfm\/wp-content\/uploads\/2014\/02\/icon_ATM.png\" class=\"elementor-animation-float attachment-full size-full wp-image-8341\" alt=\"\" loading=\"lazy\" srcset=\"https:\/\/rdfm.com.br\/rdfm\/wp-content\/uploads\/2014\/02\/icon_ATM.png 92w, https:\/\/rdfm.com.br\/rdfm\/wp-content\/uploads\/2014\/02\/icon_ATM-60x60.png 60w, https:\/\/rdfm.com.br\/rdfm\/wp-content\/uploads\/2014\/02\/icon_ATM-43x43.png 43w\" sizes=\"(max-width: 92px) 100vw, 92px\" \/><\/a><\/figure><div class=\"elementor-image-box-content\"><h3 class=\"elementor-image-box-title\"><a href=\"https:\/\/rdfm.com.br\/rdfm\/possibilidades-terapeuticas\/problemas-de-atm\/\">Problemas de ATM<\/a><\/h3><p class=\"elementor-image-box-description\">As ATMs, s\u00e3o as articula\u00e7\u00e3o respons\u00e1veis pelos movimentos da boca. Qualquer disfun\u00e7\u00e3o nestas articula\u00e7\u00f5es, por menor que seja, acaba afetando de forma negativa a regi\u00e3o do nosso c\u00e9rebro que controla diversas fun\u00e7\u00f5es do organismo.<\/p><\/div><\/div>\t\t<\/div>\n\t\t\t\t<\/div>\n\t\t\t\t\t<\/div>\n\t\t<\/div>\n\t\t\t\t<div class=\"elementor-column elementor-col-33 elementor-top-column elementor-element elementor-element-e0197be\" data-id=\"e0197be\" data-element_type=\"column\">\n\t\t\t<div class=\"elementor-widget-wrap elementor-element-populated\">\n\t\t\t\t\t\t\t\t<div class=\"elementor-element elementor-element-7dba63f elementor-vertical-align-middle ajust-color-hover elementor-position-top elementor-widget elementor-widget-image-box\" data-id=\"7dba63f\" data-element_type=\"widget\" data-widget_type=\"image-box.default\">\n\t\t\t\t<div class=\"elementor-widget-container\">\n\t\t\t<div class=\"elementor-image-box-wrapper\"><figure class=\"elementor-image-box-img\"><a href=\"https:\/\/rdfm.com.br\/rdfm\/possibilidades-terapeuticas\/srb\/\"><img decoding=\"async\" width=\"83\" height=\"90\" src=\"https:\/\/rdfm.com.br\/rdfm\/wp-content\/uploads\/2014\/02\/icon_respiradorBucal.png\" class=\"elementor-animation-float attachment-full size-full wp-image-8342\" alt=\"\" loading=\"lazy\" \/><\/a><\/figure><div class=\"elementor-image-box-content\"><h3 class=\"elementor-image-box-title\"><a href=\"https:\/\/rdfm.com.br\/rdfm\/possibilidades-terapeuticas\/srb\/\">S\u00edndrome do Respirador Bucal<\/a><\/h3><p class=\"elementor-image-box-description\">Em uma respira\u00e7\u00e3o adequada, a inspira\u00e7\u00e3o e a expira\u00e7\u00e3o dever\u00e1 se dar exclusivamente pelo nariz, que funciona equalizando as propriedades do ar inalado. Quando uma crian\u00e7a respira pela boca \u00e9 observada uma hipotonia dos m\u00fasculos\u2026<\/p><\/div><\/div>\t\t<\/div>\n\t\t\t\t<\/div>\n\t\t\t\t\t<\/div>\n\t\t<\/div>\n\t\t\t\t\t\t\t<\/div>\n\t\t<\/section>\n\t\t\t\t<section class=\"elementor-section elementor-top-section elementor-element elementor-element-0c5322c elementor-section-boxed elementor-section-height-default elementor-section-height-default wpr-particle-no wpr-jarallax-no wpr-parallax-no wpr-sticky-section-no\" data-id=\"0c5322c\" data-element_type=\"section\">\n\t\t\t\t\t\t<div class=\"elementor-container elementor-column-gap-default\">\n\t\t\t\t\t<div class=\"elementor-column elementor-col-33 elementor-top-column elementor-element elementor-element-44f7c25\" data-id=\"44f7c25\" data-element_type=\"column\">\n\t\t\t<div class=\"elementor-widget-wrap elementor-element-populated\">\n\t\t\t\t\t\t\t\t<div class=\"elementor-element elementor-element-da61cd2 elementor-vertical-align-middle ajust-color-hover elementor-position-top elementor-widget elementor-widget-image-box\" data-id=\"da61cd2\" data-element_type=\"widget\" data-widget_type=\"image-box.default\">\n\t\t\t\t<div class=\"elementor-widget-container\">\n\t\t\t<div class=\"elementor-image-box-wrapper\"><figure class=\"elementor-image-box-img\"><a href=\"https:\/\/rdfm.com.br\/rdfm\/possibilidades-terapeuticas\/bruxismo\/\"><img decoding=\"async\" width=\"90\" height=\"90\" src=\"https:\/\/rdfm.com.br\/rdfm\/wp-content\/uploads\/2014\/02\/icon_distalizacao.png\" class=\"elementor-animation-float attachment-full size-full wp-image-8338\" alt=\"\" loading=\"lazy\" srcset=\"https:\/\/rdfm.com.br\/rdfm\/wp-content\/uploads\/2014\/02\/icon_distalizacao.png 90w, https:\/\/rdfm.com.br\/rdfm\/wp-content\/uploads\/2014\/02\/icon_distalizacao-60x60.png 60w, https:\/\/rdfm.com.br\/rdfm\/wp-content\/uploads\/2014\/02\/icon_distalizacao-43x43.png 43w\" sizes=\"(max-width: 90px) 100vw, 90px\" \/><\/a><\/figure><div class=\"elementor-image-box-content\"><h3 class=\"elementor-image-box-title\"><a href=\"https:\/\/rdfm.com.br\/rdfm\/possibilidades-terapeuticas\/bruxismo\/\">Bruxismo<\/a><\/h3><p class=\"elementor-image-box-description\">No bruxismo h\u00e1 um esfregamento dent\u00e1rio incontrol\u00e1vel, pela a\u00e7\u00e3o involunt\u00e1ria dos m\u00fasculos da mastiga\u00e7\u00e3o. Os movimentos mais intensos ocorrem no per\u00edodo noturno.<\/p><\/div><\/div>\t\t<\/div>\n\t\t\t\t<\/div>\n\t\t\t\t\t<\/div>\n\t\t<\/div>\n\t\t\t\t<div class=\"elementor-column elementor-col-33 elementor-top-column elementor-element elementor-element-de6880d\" data-id=\"de6880d\" data-element_type=\"column\">\n\t\t\t<div class=\"elementor-widget-wrap\">\n\t\t\t\t\t\t\t\t\t<\/div>\n\t\t<\/div>\n\t\t\t\t<div class=\"elementor-column elementor-col-33 elementor-top-column elementor-element elementor-element-47e5896\" data-id=\"47e5896\" data-element_type=\"column\">\n\t\t\t<div class=\"elementor-widget-wrap\">\n\t\t\t\t\t\t\t\t\t<\/div>\n\t\t<\/div>\n\t\t\t\t\t\t\t<\/div>\n\t\t<\/section>\n\t\t\t\t\t\t\t<\/div>\n\t\t","protected":false},"excerpt":{"rendered":"<p>Possibilidades Terap\u00eauticas Dor de Cabe\u00e7a A maior causa das dores de cabe\u00e7a, da coluna e das costas s\u00e3o de origem muscular. Problemas de ATM As ATMs, s\u00e3o as articula\u00e7\u00e3o respons\u00e1veis pelos movimentos da boca. Qualquer disfun\u00e7\u00e3o nestas articula\u00e7\u00f5es, por menor que seja, acaba afetando de forma negativa a regi\u00e3o do nosso c\u00e9rebro que controla diversasLeer M\u00e1s<\/p>\n","protected":false},"author":2,"featured_media":0,"parent":0,"menu_order":0,"comment_status":"closed","ping_status":"closed","template":"","meta":[],"_links":{"self":[{"href":"https:\/\/rdfm.com.br\/rdfm\/wp-json\/wp\/v2\/pages\/7043"}],"collection":[{"href":"https:\/\/rdfm.com.br\/rdfm\/wp-json\/wp\/v2\/pages"}],"about":[{"href":"https:\/\/rdfm.com.br\/rdfm\/wp-json\/wp\/v2\/types\/page"}],"author":[{"embeddable":true,"href":"https:\/\/rdfm.com.br\/rdfm\/wp-json\/wp\/v2\/users\/2"}],"replies":[{"embeddable":true,"href":"https:\/\/rdfm.com.br\/rdfm\/wp-json\/wp\/v2\/comments?post=7043"}],"version-history":[{"count":26,"href":"https:\/\/rdfm.com.br\/rdfm\/wp-json\/wp\/v2\/pages\/7043\/revisions"}],"predecessor-version":[{"id":9784,"href":"https:\/\/rdfm.com.br\/rdfm\/wp-json\/wp\/v2\/pages\/7043\/revisions\/9784"}],"wp:attachment":[{"href":"https:\/\/rdfm.com.br\/rdfm\/wp-json\/wp\/v2\/media?parent=7043"}],"curies":[{"name":"wp","href":"https:\/\/api.w.org\/{rel}","templated":true}]}}